{"id":915,"date":"2024-05-21T18:34:29","date_gmt":"2024-05-21T18:34:29","guid":{"rendered":"https:\/\/newsliteracy.info\/resources\/?page_id=915"},"modified":"2025-07-28T12:09:04","modified_gmt":"2025-07-28T12:09:04","slug":"namizne-igre","status":"publish","type":"page","link":"https:\/\/newsliteracy.info\/resources\/namizne-igre","title":{"rendered":"Namizne igre"},"content":{"rendered":"\n<p><\/p>\n\n\n\n<hr class=\"wp-block-separator alignwide has-text-color has-alpha-channel-opacity has-background\" style=\"margin-top:0px;margin-bottom:0px;background-color:#cecece;color:#cecece\"\/>\n\n\n\n<p>Projekt je ustvaril dve analogni namizni igri:<\/p>\n\n\n\n<div style=\"height:20px\" aria-hidden=\"true\" class=\"wp-block-spacer\"><\/div>\n\n\n\n<p class=\"has-text-color has-link-color wp-elements-f1638c2f044ad53644cb99f69d28cfee\" style=\"color:#15af2f;margin-top:0;margin-bottom:0;padding-top:0px;padding-bottom:0px;text-transform:uppercase\"><strong><strong>NAMIZNA IGRA ZA PREVERJANJE ZNANJA<\/strong><\/strong><\/p>\n\n\n\n<div style=\"height:20px\" aria-hidden=\"true\" class=\"wp-block-spacer\"><\/div>\n\n\n\n<div class=\"wp-block-columns is-layout-flex wp-container-core-columns-is-layout-28f84493 wp-block-columns-is-layout-flex\">\n<div class=\"wp-block-column is-layout-flow wp-block-column-is-layout-flow\">\n<p class=\"tekst-justified\">Ta zanimiva namizna igra preverja znanje in spretnosti igralcev na podro\u010dju novi\u010darske pismenosti in kriti\u010dnega razmi\u0161ljanja.&nbsp;<\/p>\n\n\n\n<p class=\"tekst-justified\">Igra ima pravokotno igralno plo\u0161\u010do s 34 polji, ki vklju\u010dujejo razli\u010dne kategorije, kot so Izziv, Izberi obmo\u010dje, Sre\u010dno polje, Dvojne kocke in Klju\u010davnica. Igralci vle\u010dejo karte iz petih kompletov &#8211; trije so osredoto\u010deni na posamezna podro\u010dja novi\u010darske pismenosti, eden s kartami izziva in eden s kartami sre\u010de. Kartice vsebujejo 540 vpra\u0161anj, ki so enakomerno razdeljena med tri podro\u010dja znanja: Razumevanje novic, Iskanje zanesljivih informacij in Preverjanje novic.&nbsp;<\/p>\n\n\n\n<p class=\"tekst-justified\">Igra vklju\u010duje metanje kocke, premikanje figurice in vle\u010denje karte, da bi odgovorili na vpra\u0161anja. S pravilnimi odgovori lahko igralci postavijo \u017eetone na dolo\u010dena mesta na igralni plo\u0161\u010di. Cilj je, da igralec prvi pokrije vseh dvanajst mest z \u017eetoni, ki predstavljajo pravilne odgovore z razli\u010dnih podro\u010dij znanja. Igra vklju\u010duje vpra\u0161anja tipa resnica-neresnica in vpra\u0161anja z ve\u010d mo\u017enimi odgovori.<\/p>\n\n\n\n<p class=\"tekst-justified\">Postopek ocenjevanja poteka tako, da vsak igralec hrani \u017eetone, na katere je odgovoril, in ozna\u010di, ali so bili odgovori pravilni ali napa\u010dni. \u0160tevilo pravilnih in nepravilnih odgovorov za vsako podro\u010dje se zabele\u017ei v ocenjevalno tabelo, ki zagotavlja jasen pregled nad igral\u010devim znanjem in usposobljenostjo na posameznem podro\u010dju kompetenc.<\/p>\n\n\n\n<p class=\"tekst-justified\">Na spodnji povezavi lahko prenesete celotno igro v obliki, pripravljeni za tiskanje: pravila, igralno plo\u0161\u010do, kartice in ocenjevalno tabelo.<\/p>\n\n\n\n<p class=\"tekst-justified\">Prenesite, natisnite in preverite svoje znanje z igro!<\/p>\n\n\n\n<p><\/p>\n<\/div>\n\n\n\n<div class=\"wp-block-column is-layout-flow wp-block-column-is-layout-flow\">\n<figure class=\"wp-block-image alignright size-large has-custom-border is-style-rounded wp-duotone-unset-2 is-style-rounded--1\"><a href=\"https:\/\/newsliteracy.info\/resources\/wp-content\/uploads\/2025\/06\/SLO_NEED_game_1.zip\"><img loading=\"lazy\" decoding=\"async\" width=\"819\" height=\"1024\" src=\"https:\/\/newsliteracy.info\/resources\/wp-content\/uploads\/2024\/12\/NEED-1st-board-game-srb-819x1024.jpg\" alt=\"\" class=\"wp-image-1129\" style=\"border-width:2px\" srcset=\"https:\/\/newsliteracy.info\/resources\/wp-content\/uploads\/2024\/12\/NEED-1st-board-game-srb-819x1024.jpg 819w, https:\/\/newsliteracy.info\/resources\/wp-content\/uploads\/2024\/12\/NEED-1st-board-game-srb-240x300.jpg 240w, https:\/\/newsliteracy.info\/resources\/wp-content\/uploads\/2024\/12\/NEED-1st-board-game-srb-768x960.jpg 768w, https:\/\/newsliteracy.info\/resources\/wp-content\/uploads\/2024\/12\/NEED-1st-board-game-srb-1229x1536.jpg 1229w, https:\/\/newsliteracy.info\/resources\/wp-content\/uploads\/2024\/12\/NEED-1st-board-game-srb-1639x2048.jpg 1639w, https:\/\/newsliteracy.info\/resources\/wp-content\/uploads\/2024\/12\/NEED-1st-board-game-srb-scaled.jpg 2048w\" sizes=\"auto, (max-width: 819px) 100vw, 819px\" \/><\/a><\/figure>\n\n\n\n<p class=\"has-text-align-right\">prenesite igro<br><a href=\"https:\/\/newsliteracy.info\/resources\/wp-content\/uploads\/2025\/06\/SLO_NEED_game_1.zip\">NAMIZNA IGRA ZA PREVERJANJE ZNANJA<\/a><\/p>\n\n\n\n<p><\/p>\n<\/div>\n<\/div>\n\n\n\n<div style=\"height:40px\" aria-hidden=\"true\" class=\"wp-block-spacer\"><\/div>\n\n\n\n<hr class=\"wp-block-separator alignwide has-text-color has-alpha-channel-opacity has-background\" style=\"margin-top:0px;margin-bottom:0px;background-color:#cecece;color:#cecece\"\/>\n\n\n\n<div style=\"height:20px\" aria-hidden=\"true\" class=\"wp-block-spacer\"><\/div>\n\n\n\n<p class=\"has-text-color has-link-color wp-elements-a35ba70f647675f7d25232076bb3ea9c\" style=\"color:#15af2f;margin-top:0;margin-bottom:0;padding-top:0px;padding-bottom:0px;text-transform:uppercase\"><strong><strong><strong><strong>NAMIZNA igra za izbolj\u0161anje novi\u010darske pismenosti<\/strong><\/strong><\/strong><\/strong> <\/p>\n\n\n\n<div style=\"height:20px\" aria-hidden=\"true\" class=\"wp-block-spacer\"><\/div>\n\n\n\n<div class=\"wp-block-columns is-layout-flex wp-container-core-columns-is-layout-28f84493 wp-block-columns-is-layout-flex\">\n<div class=\"wp-block-column is-layout-flow wp-block-column-is-layout-flow\">\n<p class=\"tekst-justified\">Ta igra je bila razvita z namenom, da odraslim na zanimiv in interaktiven na\u010din pomaga izbolj\u0161ati znanje na podro\u010dju novi\u010darske pismenosti in kriti\u010dno mi\u0161ljenje.<\/p>\n\n\n\n<p class=\"tekst-justified\">Namizna igra<em>NEED <\/em>ponuja dinami\u010dno izku\u0161njo za 2\u20134 igralce (ali dve ekipi) in vklju\u010duje: igralno plo\u0161\u010do, kocke, figurice igralcev, kartice z vpra\u0161anji, kartice s to\u010dkami in kartice s simbolom podkve. Igra je razdeljena na modro in belo obmo\u010dje, kar omogo\u010da igranje posameznikov ali ekip. Posebna polja, kot so \u201edvojne to\u010dke\u201c, \u201estop\u201c in \u201epodkev\u201c, v igro vna\u0161ajo strate\u0161ke elemente, igralci pa lahko vplivajo na napredek drug drugega.<\/p>\n\n\n\n<p class=\"tekst-justified\">Igralci za\u010dnejo na polju ni\u010d in v vsakem krogu odgovorijo na isto vpra\u0161anje, tako da skrivaj izberejo enega od \u0161tirih mo\u017enih odgovorov (A, B, C ali D). Igralci odgovore razkrijejo hkrati.Tisti, ki odgovorijo pravilno, vr\u017eejo kocke in se premaknejo naprej, pri \u010demer zaslu\u017eijo to\u010dkovne kartice (1, 3 ali 5). Koliko to\u010dk dobijo je odvisno od tega, kje se ustavijo. Nepravilni odgovori pomenijo, da se igralci ne premaknejo. Kartice s simbolom podkveprina\u0161ajo prednosti v naslednjem krogu, kot so podvojitev lastnih to\u010dk ali blokiranje nasprotnika.<\/p>\n\n\n\n<p class=\"tekst-justified\">Vsaka kartica z vpra\u0161anjem vsebuje QR-kodo. S skeniranjem kode so igralci usmerjeni na spletno platformo, ki ponuja koristne informacije in vire, ki se nana\u0161ajo na vpra\u0161anje. Ta funkcija igro personalizirana in poudari njeno izobra\u017eevalno komponento.<\/p>\n\n\n\n<p class=\"tekst-justified\">Med igro se uporablja 30 kartic z vpra\u0161anji, ki so izbrane iz \u0161ir\u0161ega nabora 120 skrbno pripravljenih vpra\u0161anj. Vpra\u0161anja pokrivajo tri podro\u010dja kompetenc novi\u010darske pismenosti: razumevanje medijskega prostora, iskanje zanesljivih informacij in preverjanje novic. Pomembno je, da se lahko \u0161tevilo in izbor teh vpra\u0161anj za posamezno podro\u010dje prilagodita. To storimo tako, da upo\u0161tevamo rezultate, ki so jih igralci ali ekipe dosegli pri igranju NEED igreza samoocenjevanja znanja (<em>Need Self-Assessment Game<\/em>). Na ta na\u010dinigro prilagodimo podro\u010djem, kje so igralci pokazali manj znanja, kar posamezniku omogo\u010da bolj personalizirano u\u010dno izku\u0161njo.<\/p>\n\n\n\n<p class=\"tekst-justified\">Igra se kon\u010da, ko so porabljene vse kartice z vpra\u0161anji. Igralci (ali ekipe) nato se\u0161tejejo skupno vrednost kartic s to\u010dkami, ki so jih zbrali med igro. Igralec ali ekipa z najvi\u0161jim skupnim \u0161tevilom to\u010dk zmaga! Za uspeh je potrebna kombinacija znanja, strategije in malo sre\u010de.<\/p>\n\n\n\n<p class=\"tekst-justified\">Na tej spletni strani lahko prenesete popolno razli\u010dico igre, pripravljeno za tiskanje, in za\u010dnete u\u010denje skozi igro.<\/p>\n<\/div>\n\n\n\n<div class=\"wp-block-column is-layout-flow wp-block-column-is-layout-flow\">\n<figure class=\"wp-block-image alignright size-large has-custom-border is-style-rounded is-style-rounded--3\"><a href=\"https:\/\/newsliteracy.info\/resources\/wp-content\/uploads\/2025\/07\/SLO_NEED_game_no2.zip\"><img loading=\"lazy\" decoding=\"async\" width=\"819\" height=\"1024\" src=\"https:\/\/newsliteracy.info\/resources\/wp-content\/uploads\/2025\/05\/ENG_NEED_board_game_2-819x1024.jpg\" alt=\"\" class=\"wp-image-1193\" style=\"border-width:2px\" srcset=\"https:\/\/newsliteracy.info\/resources\/wp-content\/uploads\/2025\/05\/ENG_NEED_board_game_2-819x1024.jpg 819w, https:\/\/newsliteracy.info\/resources\/wp-content\/uploads\/2025\/05\/ENG_NEED_board_game_2-240x300.jpg 240w, https:\/\/newsliteracy.info\/resources\/wp-content\/uploads\/2025\/05\/ENG_NEED_board_game_2-768x960.jpg 768w, https:\/\/newsliteracy.info\/resources\/wp-content\/uploads\/2025\/05\/ENG_NEED_board_game_2-1229x1536.jpg 1229w, https:\/\/newsliteracy.info\/resources\/wp-content\/uploads\/2025\/05\/ENG_NEED_board_game_2-1638x2048.jpg 1638w, https:\/\/newsliteracy.info\/resources\/wp-content\/uploads\/2025\/05\/ENG_NEED_board_game_2-scaled.jpg 2048w\" sizes=\"auto, (max-width: 819px) 100vw, 819px\" \/><\/a><\/figure>\n\n\n\n<p class=\"has-text-align-right\">prenesite igro<br><a href=\"https:\/\/newsliteracy.info\/resources\/wp-content\/uploads\/2025\/07\/SLO_NEED_game_no2.zip\">NAMIZNA IGRA ZA IZBOLJ\u0160ANJE NOVI\u010cARSKE PISMENOSTI<\/a><\/p>\n<\/div>\n<\/div>\n","protected":false},"excerpt":{"rendered":"<p>Projekt je ustvaril dve analogni namizni igri: NAMIZNA IGRA ZA PREVERJANJE ZNANJA Ta zanimiva namizna igra preverja znanje in spretnosti igralcev na podro\u010dju novi\u010darske pismenosti in kriti\u010dnega razmi\u0161ljanja.&nbsp; Igra ima pravokotno igralno plo\u0161\u010do s 34 polji, ki vklju\u010dujejo razli\u010dne kategorije, kot so Izziv, Izberi obmo\u010dje, Sre\u010dno polje, Dvojne kocke in Klju\u010davnica. Igralci vle\u010dejo karte iz [&hellip;]<\/p>\n","protected":false},"author":1,"featured_media":0,"parent":0,"menu_order":0,"comment_status":"closed","ping_status":"closed","template":"","meta":{"footnotes":""},"categories":[7],"tags":[],"class_list":["post-915","page","type-page","status-publish","hentry","category-slovenian"],"_links":{"self":[{"href":"https:\/\/newsliteracy.info\/resources\/wp-json\/wp\/v2\/pages\/915","targetHints":{"allow":["GET"]}}],"collection":[{"href":"https:\/\/newsliteracy.info\/resources\/wp-json\/wp\/v2\/pages"}],"about":[{"href":"https:\/\/newsliteracy.info\/resources\/wp-json\/wp\/v2\/types\/page"}],"author":[{"embeddable":true,"href":"https:\/\/newsliteracy.info\/resources\/wp-json\/wp\/v2\/users\/1"}],"replies":[{"embeddable":true,"href":"https:\/\/newsliteracy.info\/resources\/wp-json\/wp\/v2\/comments?post=915"}],"version-history":[{"count":14,"href":"https:\/\/newsliteracy.info\/resources\/wp-json\/wp\/v2\/pages\/915\/revisions"}],"predecessor-version":[{"id":1327,"href":"https:\/\/newsliteracy.info\/resources\/wp-json\/wp\/v2\/pages\/915\/revisions\/1327"}],"wp:attachment":[{"href":"https:\/\/newsliteracy.info\/resources\/wp-json\/wp\/v2\/media?parent=915"}],"wp:term":[{"taxonomy":"category","embeddable":true,"href":"https:\/\/newsliteracy.info\/resources\/wp-json\/wp\/v2\/categories?post=915"},{"taxonomy":"post_tag","embeddable":true,"href":"https:\/\/newsliteracy.info\/resources\/wp-json\/wp\/v2\/tags?post=915"}],"curies":[{"name":"wp","href":"https:\/\/api.w.org\/{rel}","templated":true}]}}