{"id":911,"date":"2024-05-21T18:31:35","date_gmt":"2024-05-21T18:31:35","guid":{"rendered":"https:\/\/newsliteracy.info\/resources\/?page_id=911"},"modified":"2025-07-11T07:12:10","modified_gmt":"2025-07-11T07:12:10","slug":"raziskovalna-porocila","status":"publish","type":"page","link":"https:\/\/newsliteracy.info\/resources\/raziskovalna-porocila","title":{"rendered":"Raziskovalna poro\u010dila"},"content":{"rendered":"\n<p class=\"has-text-color has-link-color wp-elements-800361c937adde6f88535fbfe91ffa68\" style=\"color:#15af2f\">Poro\u010dilo \u0161tudije<\/p>\n\n\n\n<hr class=\"wp-block-separator alignwide has-text-color has-alpha-channel-opacity has-background\" style=\"margin-top:0px;margin-bottom:0px;background-color:#cecece;color:#cecece\"\/>\n\n\n\n<p class=\"has-text-color has-link-color wp-elements-a92d3923670ef93171966c6c9e2abfd9\" style=\"color:#15af2f;margin-top:0;margin-bottom:0;padding-top:0px;padding-bottom:0px;text-transform:uppercase\">RAZISKAVA O IGRIFIKACIJI IN OCENJEVANJU NA PODLAGI IGER<\/p>\n\n\n\n<div style=\"height:20px\" aria-hidden=\"true\" class=\"wp-block-spacer\"><\/div>\n\n\n\n<div class=\"wp-block-columns is-layout-flex wp-container-core-columns-is-layout-a85f4655 wp-block-columns-is-layout-flex\">\n<div class=\"wp-block-column is-layout-flow wp-container-core-column-is-layout-b108c007 wp-block-column-is-layout-flow\" style=\"padding-right:0;padding-left:0\">\n<p class=\"tekst-justified\">Dokument &#8220;<strong>Raziskave o igrifikaciji in ocenjevanju na podlagi iger<\/strong>&#8221; predstavlja poglobljeno raziskavo uporabe igrifikacije in ocenjevanja na podlagi iger.<\/p>\n\n\n\n<p class=\"tekst-justified\" style=\"margin-top:0.5em;margin-bottom:0.5em\">Dokument se za\u010dne s pregledom igrifikacije, ki prikazuje njeno zgodovino in pojasnjuje, kako deluje z uporabo elementov zasnove igre, da pove\u010da vklju\u010denost in motivira dolo\u010deno vedenje. Obravnava prednosti in slabosti igrifikacije ter ponuja primere iz razli\u010dnih sektorjev, vklju\u010dno z izobra\u017eevanjem, tr\u017eenjem in usposabljanjem zaposlenih. Poleg tega opisuje najbolj\u0161e prakse za izvajanje igrifikacije in pomembnost razumevanja ob\u010dinstva igrifikacije, pri \u010demer izpostavlja tipe igralcev Richarda Bartla kot okvir za prilagajanje strategij igrifikacije.<\/p>\n\n\n\n<p class=\"tekst-justified\">Nadalje dokument obravnava igrifikacijo v izobra\u017eevanju, predstavlja strategije za njeno prakti\u010dno uporabo in podrobno opisuje, kako se ocenjevanje na podlagi iger razlikuje od tradicionalnega ocenjevanja in digitalnega interaktivnega ocenjevanja. Ocenjevanja, ki temeljijo na igrah, razvr\u0161\u010da glede na merjene spretnosti, kot so kognitivne sposobnosti, vedenje in \u010dustvena inteligenca, ter navaja primere delovanja teh ocenjevanj.<\/p>\n\n\n\n<p class=\"tekst-justified\" style=\"margin-top:0.5em;margin-bottom:0.5em\">A significant portion of the text is dedicated to explaining how game-based assessments are used in education and recruitment, assessing its history, how it works, benefits, drawbacks, and implementation strategies, along with examples from different industries. It distinguishes between gamification and game-based assessments, the latter being used to measure specific skills and competencies in an engaging manner.<\/p>\n\n\n\n<p class=\"tekst-justified\">V dokumentu so opisane prednosti uporabe igrifikacije v izobra\u017eevanju, kot so ve\u010dja zavzetost, motivacija in bolj\u0161i u\u010dni rezultati. Predlaga strukturiran pristop za vklju\u010devanje igrifikacije v izobra\u017eevalne vsebine, vklju\u010dno z ugotavljanjem zna\u010dilnosti u\u010dencev\/udele\u017eencev, opredelitvijo u\u010dnih ciljev, ustvarjanjem interaktivne vsebine in vklju\u010devanjem elementov igre, kot so to\u010dke, stopnje in nagrade.<\/p>\n\n\n\n<p><\/p>\n\n\n\n<p class=\"tekst-justified\" style=\"margin-top:var(--wp--preset--spacing--10);margin-bottom:var(--wp--preset--spacing--10)\">Ocenjevanje na podlagi iger je obravnavano kot sredstvo za odpravo pristranskosti v postopkih zaposlovanja in pravi\u010dnej\u0161e ocenjevanje sposobnosti kandidatov. Te ocene merijo kognitivne spretnosti in vedenje, ki napovedujejo in nakazujejo na uspe\u0161nost pri delu. V dokumentu so ocene na podlagi iger razvr\u0161\u010dene v kognitivne, vedenjske, ocene \u010dustvene inteligence, ocene situacijske presoje in simulacijske igre, navedeni pa so tudi nekateri primeri.<\/p>\n\n\n\n<p><\/p>\n\n\n\n<p class=\"tekst-justified\" style=\"margin-top:var(--wp--preset--spacing--10);margin-bottom:var(--wp--preset--spacing--10)\">V zaklju\u010dku poudarja, da so kandidati pozitivno sprejeli ocenjevanje z igrami, pri \u010demer poudarja njihovo pravi\u010dnost in sposobnost zmanj\u0161evanja anksioznosti. Navedeni so nasveti za pripravo kandidatov, ki se soo\u010dajo s tak\u0161nimi ocenjevanji, ter pogosti ponudniki ocenjevanja na podlagi iger, kot so Arctic Shores (kadrovsko svetovanje), Pymetrics (platforma za zaposlovanje in upravljanje talentov), Test Partnership (podjetje za programsko opremo), Aon (podjetje za strokovne storitve in svetovanje pri upravljanju za zmanj\u0161evanje tveganja) in Revelian (organizacija, ki izdeluje psihometri\u010dne teste; osebnosti tipi, sposobnosti in lastnosti zaposlenih).<\/p>\n<\/div>\n\n\n\n<div class=\"wp-block-column is-layout-flow wp-container-core-column-is-layout-92c44e9e wp-block-column-is-layout-flow\" style=\"padding-top:0;padding-bottom:0\">\n<figure class=\"wp-block-image alignright size-large has-custom-border is-style-rounded wp-duotone-unset-2 is-style-rounded--1\"><a href=\"https:\/\/newsliteracy.info\/resources\/wp-content\/uploads\/2024\/04\/NEED_Research_on_Gamification_ENG_final.pdf\"><img loading=\"lazy\" decoding=\"async\" width=\"718\" height=\"1024\" src=\"https:\/\/newsliteracy.info\/resources\/wp-content\/uploads\/2024\/04\/Research-on-Gamification-and-Game-based-Assessment-718x1024.jpg\" alt=\"\" class=\"wp-image-701\" style=\"border-width:2px;object-fit:cover\" srcset=\"https:\/\/newsliteracy.info\/resources\/wp-content\/uploads\/2024\/04\/Research-on-Gamification-and-Game-based-Assessment-718x1024.jpg 718w, https:\/\/newsliteracy.info\/resources\/wp-content\/uploads\/2024\/04\/Research-on-Gamification-and-Game-based-Assessment-210x300.jpg 210w, https:\/\/newsliteracy.info\/resources\/wp-content\/uploads\/2024\/04\/Research-on-Gamification-and-Game-based-Assessment-768x1095.jpg 768w, https:\/\/newsliteracy.info\/resources\/wp-content\/uploads\/2024\/04\/Research-on-Gamification-and-Game-based-Assessment.jpg 832w\" sizes=\"auto, (max-width: 718px) 100vw, 718px\" \/><\/a><\/figure>\n\n\n\n<div style=\"height:14px\" aria-hidden=\"true\" class=\"wp-block-spacer\"><\/div>\n\n\n\n<p class=\"has-text-align-right has-medium-font-size\" style=\"margin-top:0px;margin-right:8px;margin-bottom:0px;margin-left:8px;padding-top:0;padding-bottom:0;line-height:1.2\">download the PDF document<br><a href=\"https:\/\/newsliteracy.info\/resources\/wp-content\/uploads\/2024\/04\/NEED_Research_on_Gamification_ENG_final.pdf\">RESEARCH ON GAMIFICATION<br>AND GAME BASED ASSESSMENT<\/a><\/p>\n<\/div>\n<\/div>\n\n\n\n<p class=\"tekst-justified\"><br><br><\/p>\n\n\n\n<p><\/p>\n\n\n\n<p><\/p>\n\n\n\n<p class=\"has-text-color has-link-color wp-elements-abc4c315126d36cd2f94365051f065b1\" style=\"color:#15af2f;text-transform:uppercase\"><\/p>\n\n\n\n<hr class=\"wp-block-separator alignwide has-text-color has-alpha-channel-opacity has-background\" style=\"margin-top:0px;margin-bottom:0px;background-color:#cecece;color:#cecece\"\/>\n\n\n\n<p class=\"has-text-color has-link-color wp-elements-d2708f943642d44d8384250752e6eaf1\" style=\"color:#15af2f;margin-top:0;margin-bottom:0;padding-top:0px;padding-bottom:0px;text-transform:uppercase\">DETERMINIRANA PODRO\u010cJA KOMPETENC NOVI\u010cARSKE PISMENOSTI<\/p>\n\n\n\n<div style=\"height:20px\" aria-hidden=\"true\" class=\"wp-block-spacer\"><\/div>\n\n\n\n<div class=\"wp-block-columns is-layout-flex wp-container-core-columns-is-layout-a85f4655 wp-block-columns-is-layout-flex\">\n<div class=\"wp-block-column is-layout-flow wp-container-core-column-is-layout-b108c007 wp-block-column-is-layout-flow\" style=\"padding-right:0;padding-left:0\">\n<p class=\"tekst-justified\">Dokument &#8220;Podro\u010dja kompetenc novi\u010darske pismenosti&#8221; opisuje bistvene spretnosti in stali\u0161\u010da, ki so potrebna za u\u010dinkovito branje novic, pri \u010demer poudarja pomen pozornosti in skepse. Novi\u010darska pismenost vklju\u010duje razumevanje produkcije in potro\u0161nje novic, vloge dru\u017ebenih medijev in tega, kako prepri\u010danja potro\u0161nikov vplivajo na njihov izbor in interpretacijo novic. Poudarja vlogo, ki jo imajo novice v dru\u017ebi, motivacijo za ukvarjanje z novicami in spretnosti, potrebne za prepoznavanje, vrednotenje, preverjanje in ustvarjanje novic.<\/p>\n\n\n\n<p><br><\/p>\n\n\n\n<p class=\"tekst-justified\">V dokumentu so opredeljena tri glavna podro\u010dja kompetenc novi\u010darske pismenosti v okviru projekta NEED, vsako od njih sestavlja osem podkompetenc in 44 u\u010dnih izidov.<\/p>\n\n\n\n<p><br><\/p>\n\n\n\n<p>Tri podro\u010dja kompetenc so:<br><br><\/p>\n\n\n\n<ol start=\"1\" class=\"wp-block-list\">\n<li class=\"tekst-justified\"><strong><strong>Razumevanje okolja novic<\/strong><\/strong>: <br>Osredoto\u010da se na prepoznavanje onesna\u017eevanja z informacijami in njegove motivacije, razlikovanje med novicami in drugimi mediji ter razumevanje novih novinarskih praks. Obravnava tudi razumevanje la\u017enih novic, vrste informacijskih motenj ter psihologijo vpliva in vztrajnosti la\u017enih informacij.<br><br><\/li>\n\n\n\n<li class=\"tekst-justified\"><strong><strong>Iskanje zanesljivih informacij<\/strong><\/strong>:<br>Poudarek je na prepoznavanju verodostojnih virov informacij in oblikovanju u\u010dinkovitih strategij iskanja. To vklju\u010duje razlikovanje med vrstami virov, razumevanje Booleove algebre in pomen iskalnih tehnik.<br><br><\/li>\n\n\n\n<li class=\"tekst-justified\"><strong><strong>Preverjanje novic<\/strong><\/strong>: <br>V nadaljevanju se osredoto\u010da na razumevanje vpliva algoritmov in personalizacije na uporabo novic, prepoznavanje metod preverjanja in razumevanje vloge platform za preverjanje dejstev. Obravnava izzive spletne verodostojnosti, prepoznavanje neavtenti\u010dnega vedenja in delovanje organizacij za preverjanje dejstev.<br><br><\/li>\n<\/ol>\n\n\n\n<p class=\"tekst-justified\" style=\"margin-top:var(--wp--preset--spacing--10);margin-bottom:var(--wp--preset--spacing--10)\">V dokumentu je poudarjen pomen teh kompetenc za orientacijo v zapletenem novi\u010darskem okolju, ki je klju\u010dnega pomena za spodbujanje dobro informirane in demokrati\u010dne dru\u017ebe.<\/p>\n<\/div>\n\n\n\n<div class=\"wp-block-column is-layout-flow wp-container-core-column-is-layout-92c44e9e wp-block-column-is-layout-flow\" style=\"padding-top:0;padding-bottom:0\">\n<figure class=\"wp-block-image alignright size-full has-custom-border is-style-rounded wp-duotone-unset-4 is-style-rounded--3\"><a href=\"https:\/\/newsliteracy.info\/resources\/wp-content\/uploads\/2024\/05\/NEED_Competence_Areas_for_NL_ENG_revised_22.04.pdf\"><img loading=\"lazy\" decoding=\"async\" width=\"724\" height=\"1024\" src=\"https:\/\/newsliteracy.info\/resources\/wp-content\/uploads\/2024\/05\/Competence-Areas-for-News-Literacy.jpg\" alt=\"\" class=\"wp-image-801\" style=\"border-width:2px;object-fit:cover\" srcset=\"https:\/\/newsliteracy.info\/resources\/wp-content\/uploads\/2024\/05\/Competence-Areas-for-News-Literacy.jpg 724w, https:\/\/newsliteracy.info\/resources\/wp-content\/uploads\/2024\/05\/Competence-Areas-for-News-Literacy-212x300.jpg 212w\" sizes=\"auto, (max-width: 724px) 100vw, 724px\" \/><\/a><\/figure>\n\n\n\n<div style=\"height:14px\" aria-hidden=\"true\" class=\"wp-block-spacer\"><\/div>\n\n\n\n<p class=\"has-text-align-right has-medium-font-size\" style=\"margin-top:0px;margin-right:8px;margin-bottom:0px;margin-left:8px;padding-top:0;padding-bottom:0;line-height:1.2\">download the PDF document<br><a href=\"https:\/\/newsliteracy.info\/resources\/wp-content\/uploads\/2024\/05\/NEED_Competence_Areas_for_NL_ENG_revised_22.04.pdf\">COMPETENCE AREAS FOR NEWS LITERACY<\/a><\/p>\n<\/div>\n<\/div>\n\n\n\n<p class=\"tekst-justified\"><\/p>\n\n\n\n<hr class=\"wp-block-separator alignwide has-text-color has-alpha-channel-opacity has-background\" style=\"margin-top:0px;margin-bottom:0px;background-color:#cecece;color:#cecece\"\/>\n\n\n\n<p class=\"has-text-color has-link-color wp-elements-4252f78e93d635e19dd90867053db316\" style=\"color:#15af2f;margin-top:0;margin-bottom:0;padding-top:0px;padding-bottom:0px;text-transform:uppercase\"><strong>Izobra\u017eevanje o novi\u010darski pismenosti in kriti\u010dnem mi\u0161ljenju z igranjem in u\u010denjem na podlagi iger<\/strong><\/p>\n\n\n\n<div style=\"height:20px\" aria-hidden=\"true\" class=\"wp-block-spacer\"><\/div>\n\n\n\n<div class=\"wp-block-columns is-layout-flex wp-container-core-columns-is-layout-a85f4655 wp-block-columns-is-layout-flex\">\n<div class=\"wp-block-column is-layout-flow wp-container-core-column-is-layout-b108c007 wp-block-column-is-layout-flow\" style=\"padding-right:0;padding-left:0\">\n<p class=\"tekst-justified\">To poro\u010dilo, pripravljeno v okviru projekta NEED, raziskuje pomen novi\u010darske pismenosti in kriti\u010dnega mi\u0161ljenja v dana\u0161njem kompleksnem medijskem okolju, ki ga zaznamujejo dezinformacije, algoritmi\u010dni vplivi in razdrobljeno u\u017eivanje novic. Poudarja, da je treba posameznike opremiti z ve\u0161\u010dinami za kriti\u010dno presojo in interakcijo z novi\u010darskimi vsebinami, da bi podprli informirano dr\u017eavljansko udele\u017ebo.<\/p>\n\n\n\n<div style=\"height:20px\" aria-hidden=\"true\" class=\"wp-block-spacer\"><\/div>\n\n\n\n<p class=\"tekst-justified\">V dokumentu je poudarjeno, kako je u\u010denje z igrami &#8211; tako digitalnimi kot analognimi &#8211; lahko u\u010dinkovit in privla\u010den pristop k pou\u010devanju novi\u010darske pismenosti. Vsebuje pregled obstoje\u010dih izobra\u017eevalnih iger, povezanih z novi\u010darsko pismenostjo, z vsega sveta ter analizo njihovih ciljnih skupin, oblik in u\u010dnih ciljev.<\/p>\n\n\n\n<div style=\"height:20px\" aria-hidden=\"true\" class=\"wp-block-spacer\"><\/div>\n\n\n\n<p class=\"tekst-justified\">Medtem ko se \u0161tevilne sedanje igre osredoto\u010dajo na preverjanje in so ve\u010dinoma v angle\u0161\u010dini, poro\u010dilo opredeljuje jasno potrebo po celovitej\u0161ih, ve\u010djezi\u010dnih in vklju\u010dujo\u010dih orodjih &#8211; zlasti tistih, ki so namenjena ocenjevanju in prilagojena razli\u010dnim starostnim skupinam, vklju\u010dno z otroki in starej\u0161imi.<\/p>\n\n\n\n<div style=\"height:20px\" aria-hidden=\"true\" class=\"wp-block-spacer\"><\/div>\n\n\n\n<p class=\"tekst-justified\">To gradivo slu\u017ei kot teoreti\u010dna podlaga in prakti\u010dni vodnik za izobra\u017eevalce, oblikovalce iger in oblikovalce politik, ki \u017eelijo z inovativnimi izobra\u017eevalnimi metodami spodbujati kriti\u010dno mi\u0161ljenje in odpornost na dezinformacije.<\/p>\n\n\n\n<div style=\"height:20px\" aria-hidden=\"true\" class=\"wp-block-spacer\"><\/div>\n\n\n\n<p class=\"tekst-justified\"><\/p>\n\n\n\n<p class=\"tekst-justified\"><\/p>\n<\/div>\n\n\n\n<div class=\"wp-block-column is-layout-flow wp-container-core-column-is-layout-92c44e9e wp-block-column-is-layout-flow\" style=\"padding-top:0;padding-bottom:0\">\n<figure class=\"wp-block-image alignright size-full has-custom-border is-style-rounded wp-duotone-unset-6 is-style-rounded--5\"><a href=\"https:\/\/newsliteracy.info\/resources\/wp-content\/uploads\/2025\/06\/Report_NLCT_English.pdf\"><img loading=\"lazy\" decoding=\"async\" width=\"1414\" height=\"2000\" src=\"https:\/\/newsliteracy.info\/resources\/wp-content\/uploads\/2025\/06\/Front-page-NLCT-report.jpg\" alt=\"\" class=\"wp-image-1226\" style=\"border-width:2px;object-fit:cover\" srcset=\"https:\/\/newsliteracy.info\/resources\/wp-content\/uploads\/2025\/06\/Front-page-NLCT-report.jpg 1414w, https:\/\/newsliteracy.info\/resources\/wp-content\/uploads\/2025\/06\/Front-page-NLCT-report-212x300.jpg 212w, https:\/\/newsliteracy.info\/resources\/wp-content\/uploads\/2025\/06\/Front-page-NLCT-report-724x1024.jpg 724w, https:\/\/newsliteracy.info\/resources\/wp-content\/uploads\/2025\/06\/Front-page-NLCT-report-768x1086.jpg 768w, https:\/\/newsliteracy.info\/resources\/wp-content\/uploads\/2025\/06\/Front-page-NLCT-report-1086x1536.jpg 1086w\" sizes=\"auto, (max-width: 1414px) 100vw, 1414px\" \/><\/a><\/figure>\n\n\n\n<div style=\"height:14px\" aria-hidden=\"true\" class=\"wp-block-spacer\"><\/div>\n\n\n\n<p class=\"has-text-align-right has-medium-font-size\" style=\"margin-top:0px;margin-right:8px;margin-bottom:0px;margin-left:8px;padding-top:0;padding-bottom:0;line-height:1.2\">download the PDF document<br><a href=\"https:\/\/newsliteracy.info\/resources\/wp-content\/uploads\/2025\/06\/Report_NLCT_English.pdf\">NL&amp;CT EDUCATION REPORT<\/a><\/p>\n<\/div>\n<\/div>\n\n\n\n<p><\/p>\n","protected":false},"excerpt":{"rendered":"<p>Poro\u010dilo \u0161tudije RAZISKAVA O IGRIFIKACIJI IN OCENJEVANJU NA PODLAGI IGER Dokument &#8220;Raziskave o igrifikaciji in ocenjevanju na podlagi iger&#8221; predstavlja poglobljeno raziskavo uporabe igrifikacije in ocenjevanja na podlagi iger. Dokument se za\u010dne s pregledom igrifikacije, ki prikazuje njeno zgodovino in pojasnjuje, kako deluje z uporabo elementov zasnove igre, da pove\u010da vklju\u010denost in motivira dolo\u010deno vedenje. [&hellip;]<\/p>\n","protected":false},"author":1,"featured_media":0,"parent":0,"menu_order":0,"comment_status":"closed","ping_status":"closed","template":"","meta":{"footnotes":""},"categories":[7],"tags":[],"class_list":["post-911","page","type-page","status-publish","hentry","category-slovenian"],"_links":{"self":[{"href":"https:\/\/newsliteracy.info\/resources\/wp-json\/wp\/v2\/pages\/911","targetHints":{"allow":["GET"]}}],"collection":[{"href":"https:\/\/newsliteracy.info\/resources\/wp-json\/wp\/v2\/pages"}],"about":[{"href":"https:\/\/newsliteracy.info\/resources\/wp-json\/wp\/v2\/types\/page"}],"author":[{"embeddable":true,"href":"https:\/\/newsliteracy.info\/resources\/wp-json\/wp\/v2\/users\/1"}],"replies":[{"embeddable":true,"href":"https:\/\/newsliteracy.info\/resources\/wp-json\/wp\/v2\/comments?post=911"}],"version-history":[{"count":7,"href":"https:\/\/newsliteracy.info\/resources\/wp-json\/wp\/v2\/pages\/911\/revisions"}],"predecessor-version":[{"id":1311,"href":"https:\/\/newsliteracy.info\/resources\/wp-json\/wp\/v2\/pages\/911\/revisions\/1311"}],"wp:attachment":[{"href":"https:\/\/newsliteracy.info\/resources\/wp-json\/wp\/v2\/media?parent=911"}],"wp:term":[{"taxonomy":"category","embeddable":true,"href":"https:\/\/newsliteracy.info\/resources\/wp-json\/wp\/v2\/categories?post=911"},{"taxonomy":"post_tag","embeddable":true,"href":"https:\/\/newsliteracy.info\/resources\/wp-json\/wp\/v2\/tags?post=911"}],"curies":[{"name":"wp","href":"https:\/\/api.w.org\/{rel}","templated":true}]}}