{"id":909,"date":"2024-05-21T18:30:08","date_gmt":"2024-05-21T18:30:08","guid":{"rendered":"https:\/\/newsliteracy.info\/resources\/?page_id=909"},"modified":"2024-05-22T02:50:21","modified_gmt":"2024-05-22T02:50:21","slug":"hakkinda","status":"publish","type":"page","link":"https:\/\/newsliteracy.info\/resources\/hakkinda","title":{"rendered":"Hakk\u0131nda"},"content":{"rendered":"\n<div class=\"wp-block-columns is-layout-flex wp-container-core-columns-is-layout-a85f4655 wp-block-columns-is-layout-flex\">\n<div class=\"wp-block-column is-layout-flow wp-block-column-is-layout-flow\">\n<p class=\"tekst-justified\" style=\"font-style:normal;font-weight:400\">Haber Okuryazarl\u0131\u011f\u0131 Projesi (NEED), yenilik\u00e7i bir yakla\u015f\u0131m (oyun tabanl\u0131 \u00f6\u011frenme) kullanarak haberlerin\/bilgilerin g\u00fcvenirli\u011fini yarg\u0131lamak i\u00e7in gerekli olan haber okuryazarl\u0131\u011f\u0131 becerilerini geli\u015ftirmeyi ve bireyleri sivil hayata aktif kat\u0131l\u0131mc\u0131lar olmak i\u00e7in ihtiya\u00e7 duyacaklar\u0131 becerilerle donatmay\u0131 ama\u00e7lamaktad\u0131r.<\/p>\n\n\n\n<p class=\"tekst-justified\" style=\"font-style:normal;font-weight:400\">Oyun temelli \u00f6\u011frenme, \u00f6\u011frenmeyi ger\u00e7ekle\u015ftirmek i\u00e7in oyunlar\u0131 kullanan etkili bir aktif \u00f6\u011frenme tekni\u011fidir. Amac\u0131 oynarken bir \u015feyler \u00f6\u011fretmektir. Bu, dijital oyunlar\u0131n yan\u0131 s\u0131ra dijital olmayan oyunlar (masa\/kutu oyunlar\u0131 dahil) yoluyla da ba\u015far\u0131labilir. Oyun tabanl\u0131 \u00f6\u011frenme esnektir, uyarlanabilir ve \u00e7ok h\u0131zl\u0131 bir \u015fekilde g\u00fcncellenebilir. Oyun oynamak ele\u015ftirel d\u00fc\u015f\u00fcnme yetene\u011fini geli\u015ftirir, bu da bilgiyi daha uzun s\u00fcre hat\u0131rlama kapasitesini art\u0131r\u0131r.<\/p>\n\n\n\n<p class=\"tekst-justified\" style=\"font-style:normal;font-weight:400\">Proje kapsam\u0131nda haber okuryazarl\u0131\u011f\u0131 alan\u0131nda herkese a\u00e7\u0131k iki ara\u00e7 geli\u015ftirecektir. \u0130lk olarak, \u00f6\u011frencilerin haber okuryazarl\u0131\u011f\u0131 ve ele\u015ftirel d\u00fc\u015f\u00fcnme alan\u0131ndaki ger\u00e7ek bilgi ve beceri seviyelerini saptamak i\u00e7in oyun temelli bir de\u011ferlendirme arac\u0131 geli\u015ftirilecektir. \u0130kinci olarak yeti\u015fkinlere haber okuryazarl\u0131\u011f\u0131 ve ele\u015ftirel d\u00fc\u015f\u00fcnme becerilerini yenilik\u00e7i bir \u015fekilde \u00f6\u011fretmek i\u00e7in farkl\u0131 zorluk seviyelerine sahip e\u011fitici bir masa\/kutu oyunu geli\u015ftirilecektir. Ayr\u0131ca, haber okuryazarl\u0131\u011f\u0131 ve ele\u015ftirel d\u00fc\u015f\u00fcnme becerilerinin geli\u015ftirilmesi i\u00e7in (hem e\u011fitmenlerin kendileri hem de yeti\u015fkin \u00f6\u011frenciler\/kullan\u0131c\u0131lar i\u00e7in) ki\u015fiselle\u015ftirilmi\u015f oyun tabanl\u0131 e\u011fitim ile ba\u011flant\u0131l\u0131 \u00e7evrimi\u00e7i bir platform olu\u015fturulacakt\u0131r.<\/p>\n<\/div>\n\n\n\n<div class=\"wp-block-column is-layout-flow wp-block-column-is-layout-flow\">\n<p class=\"tekst-justified\">NEED proje konsorsiyumu d\u00f6rt se\u00e7kin ortaktan olu\u015fmaktad\u0131r: <strong><em><a href=\"https:\/\/www.nikanor.bg\/\">Nikanor,<\/a> <\/em><\/strong>Bulgaristan (koordinat\u00f6r),<strong><em> <a href=\"https:\/\/www.hacettepe.edu.tr\/\">Hacettepe \u00dcniversitesi<\/a> <\/em><\/strong><em>(T\u00fcrkiye)<\/em>, <strong><em><a href=\"https:\/\/www.bgb.rs\/\" data-type=\"link\" data-id=\"https:\/\/www.bgb.rs\/\">Belgrad \u015eehir K\u00fct\u00fcphanesi<\/a> <\/em><\/strong>(S\u0131rbistan) ve<strong><em> <a href=\"https:\/\/www.upi.si\/\">Yeti\u015fkin E\u011fitim Merkezi UPI \u017dalec<\/a> <\/em><\/strong><em>(Slovenya)<\/em>.\u00a0<\/p>\n\n\n\n<p class=\"has-background\" style=\"background-color:#cecece\">Proje Ekim 2023&#8217;ten Eyl\u00fcl 2025&#8217;in sonuna kadar devam edecektir. AB <a href=\"https:\/\/ec.europa.eu\/programmes\/erasmus-plus\/node_en\" target=\"_blank\" rel=\"noreferrer noopener\"><strong><em>Erasmus+ Program\u0131<\/em><\/strong><\/a><em>, <\/em>Ana Eylem 2: Yeti\u015fkin e\u011fitimi i\u00e7in stratejik ortakl\u0131klar kapsam\u0131nda uygulamaktad\u0131r.<\/p>\n\n\n\n<p class=\"tekst-justified\" style=\"font-style:normal;font-weight:400\">Bu giri\u015fim ortaklar\u0131n dijital ve bilgi okuryazarl\u0131\u011f\u0131 becerilerini art\u0131rmaya odaklanan &#8220;Open Your Eyes&#8221;, &#8220;DIGIBLEND&#8221; ve &#8220;ESSENTIAL&#8221; gibi \u00f6nceki \u00e7abalar\u0131n\u0131n bir devam\u0131 niteli\u011findedir. \u0130\u015fbirli\u011fine dayal\u0131 yenilik\u00e7i yakla\u015f\u0131m\u0131 sayesinde <strong><em>NEED<\/em><\/strong>, dezenformasyonla m\u00fccadelede etki yaratmay\u0131 ve daha bilgili ve kat\u0131l\u0131mc\u0131 bir toplumu olu\u015fturmay\u0131 hedeflemektedir.<\/p>\n\n\n\n<figure class=\"wp-block-image aligncenter size-full is-resized wp-duotone-unset-1\"><img loading=\"lazy\" decoding=\"async\" width=\"318\" height=\"234\" src=\"https:\/\/newsliteracy.info\/resources\/wp-content\/uploads\/2024\/04\/Logo-Need-monohromatski-v2.png\" alt=\"\" class=\"wp-image-666\" style=\"width:220px;height:auto\" srcset=\"https:\/\/newsliteracy.info\/resources\/wp-content\/uploads\/2024\/04\/Logo-Need-monohromatski-v2.png 318w, https:\/\/newsliteracy.info\/resources\/wp-content\/uploads\/2024\/04\/Logo-Need-monohromatski-v2-300x221.png 300w\" sizes=\"auto, (max-width: 318px) 100vw, 318px\" \/><\/figure>\n<\/div>\n<\/div>\n\n\n\n<p><\/p>\n\n\n\n<p><\/p>\n","protected":false},"excerpt":{"rendered":"<p>Haber Okuryazarl\u0131\u011f\u0131 Projesi (NEED), yenilik\u00e7i bir yakla\u015f\u0131m (oyun tabanl\u0131 \u00f6\u011frenme) kullanarak haberlerin\/bilgilerin g\u00fcvenirli\u011fini yarg\u0131lamak i\u00e7in gerekli olan haber okuryazarl\u0131\u011f\u0131 becerilerini geli\u015ftirmeyi ve bireyleri sivil hayata aktif kat\u0131l\u0131mc\u0131lar olmak i\u00e7in ihtiya\u00e7 duyacaklar\u0131 becerilerle donatmay\u0131 ama\u00e7lamaktad\u0131r. Oyun temelli \u00f6\u011frenme, \u00f6\u011frenmeyi ger\u00e7ekle\u015ftirmek i\u00e7in oyunlar\u0131 kullanan etkili bir aktif \u00f6\u011frenme tekni\u011fidir. Amac\u0131 oynarken bir \u015feyler \u00f6\u011fretmektir. Bu, dijital oyunlar\u0131n [&hellip;]<\/p>\n","protected":false},"author":1,"featured_media":0,"parent":0,"menu_order":0,"comment_status":"closed","ping_status":"closed","template":"","meta":{"footnotes":""},"categories":[8],"tags":[],"class_list":["post-909","page","type-page","status-publish","hentry","category-turkish"],"_links":{"self":[{"href":"https:\/\/newsliteracy.info\/resources\/wp-json\/wp\/v2\/pages\/909","targetHints":{"allow":["GET"]}}],"collection":[{"href":"https:\/\/newsliteracy.info\/resources\/wp-json\/wp\/v2\/pages"}],"about":[{"href":"https:\/\/newsliteracy.info\/resources\/wp-json\/wp\/v2\/types\/page"}],"author":[{"embeddable":true,"href":"https:\/\/newsliteracy.info\/resources\/wp-json\/wp\/v2\/users\/1"}],"replies":[{"embeddable":true,"href":"https:\/\/newsliteracy.info\/resources\/wp-json\/wp\/v2\/comments?post=909"}],"version-history":[{"count":3,"href":"https:\/\/newsliteracy.info\/resources\/wp-json\/wp\/v2\/pages\/909\/revisions"}],"predecessor-version":[{"id":966,"href":"https:\/\/newsliteracy.info\/resources\/wp-json\/wp\/v2\/pages\/909\/revisions\/966"}],"wp:attachment":[{"href":"https:\/\/newsliteracy.info\/resources\/wp-json\/wp\/v2\/media?parent=909"}],"wp:term":[{"taxonomy":"category","embeddable":true,"href":"https:\/\/newsliteracy.info\/resources\/wp-json\/wp\/v2\/categories?post=909"},{"taxonomy":"post_tag","embeddable":true,"href":"https:\/\/newsliteracy.info\/resources\/wp-json\/wp\/v2\/tags?post=909"}],"curies":[{"name":"wp","href":"https:\/\/api.w.org\/{rel}","templated":true}]}}