{"id":907,"date":"2024-05-21T18:28:35","date_gmt":"2024-05-21T18:28:35","guid":{"rendered":"https:\/\/newsliteracy.info\/resources\/?page_id=907"},"modified":"2024-05-22T04:51:43","modified_gmt":"2024-05-22T04:51:43","slug":"o-projektu","status":"publish","type":"page","link":"https:\/\/newsliteracy.info\/resources\/o-projektu","title":{"rendered":"O projektu"},"content":{"rendered":"\n<p class=\"has-accent-3-color has-text-color has-link-color wp-elements-5980c79001eade2ed086c8129e27619f\"><\/p>\n\n\n\n<div class=\"wp-block-columns is-layout-flex wp-container-core-columns-is-layout-a85f4655 wp-block-columns-is-layout-flex\">\n<div class=\"wp-block-column is-layout-flow wp-block-column-is-layout-flow\">\n<p class=\"tekst-justified\" style=\"font-style:normal;font-weight:400\">Cilj projekta <em><strong>Na krovu novi\u010darske pismenosti<\/strong>; News Literacy on Board (NEED) <\/em>je izbolj\u0161anje ve\u0161\u010din branja (z inovativnim pristopom, predvsem u\u010denje na podlagi iger), ki so potrebne za presojo zanesljivosti in verodostojnosti novic\/informacij, ter krepitev posameznikov z ve\u0161\u010dinami, ki jih potrebujejo, da postanejo vklju\u010deni in informirani udele\u017eenci v vsakodnevnem \u017eivljenju kot dr\u017eavljani.<\/p>\n\n\n\n<p class=\"tekst-justified\" style=\"font-style:normal;font-weight:400\">U\u010denje z igrami je u\u010dinkovita tehnika aktivnega u\u010denja, ki za izbolj\u0161anje u\u010denja uporablja igro. Njen cilj je u\u010diti nekaj, medtem ko se u\u010denec igra. To je mogo\u010de dose\u010di z nedigitalnimi igrami (vklju\u010dno z dru\u017eabnimi igrami) in digitalnimi igrami. U\u010denje z igrami je pro\u017eno, zelo prilagodljivo in se lahko zelo hitro posodablja. Igranje iger krepi sposobnost kriti\u010dnega razmi\u0161ljanja, kar pove\u010duje sposobnost dalj\u0161ega ohranjanja informacij.<\/p>\n\n\n\n<p class=\"tekst-justified\" style=\"font-style:normal;font-weight:400\">V okviru projekta bosta razviti dve javno dostopni orodji na podro\u010dju informacijske pismenosti. Najprej bo razvito orodje za ocenjevanje, ki bo temeljilo na igrah, za ocenjevanje dejanske ravni znanja in spretnosti u\u010dencev na podro\u010dju novi\u010darske pismenosti in kriti\u010dnega mi\u0161ljenja. Drugi\u010d, se bo razvilo izobra\u017eevalno dru\u017eabno igro z razli\u010dnimi te\u017eavnostnimi stopnjami za inovativno pou\u010devanje odraslih o novi\u010darski pismenosti in kriti\u010dnem mi\u0161ljenju. Poleg tega bo vzpostavljena ustrezna spletna platforma za osebno prilagojeno, na igri temelje\u010de izobra\u017eevanje o ve\u0161\u010dinah novi\u010darske pismenosti in kriti\u010dnega mi\u0161ljenja (tako za same izobra\u017eevalce kot za odrasle udele\u017eence\/uporabnike).<\/p>\n<\/div>\n\n\n\n<div class=\"wp-block-column is-layout-flow wp-block-column-is-layout-flow\">\n<p class=\"tekst-justified\">Konzorcij projekta NEED sestavljajo \u0161tirje ugledni partnerji:<strong><em> <a href=\"https:\/\/www.nikanor.bg\/\">Nikanor,<\/a> <\/em><\/strong><em>Bulgari\u0458a<\/em> (\u043aoordinator),<strong><em> <a href=\"https:\/\/www.hacettepe.edu.tr\/\">Univerza<\/a><\/em><\/strong> <strong><em><a href=\"https:\/\/www.hacettepe.edu.tr\/\">Hacettepe <\/a><\/em><\/strong><em>(Tur\u010dija)<\/em>, <strong><em><a href=\"https:\/\/www.bgb.rs\/\" data-type=\"link\" data-id=\"https:\/\/www.bgb.rs\/\">Mestna knji\u017enica Beograd<\/a> <\/em><\/strong><em>(Srbija)<\/em> in<strong><em><a href=\"https:\/\/www.upi.si\/\"> Ljudska univerza Upi &#8211; \u017dalec<\/a> <\/em><\/strong><em>(Slovenia)<\/em>.\u00a0<\/p>\n\n\n\n<p class=\"has-background\" style=\"background-color:#cecece\">Projekt traja od oktobra 2023 do konca septembra 2025. Izvaja se v okviru programa EU\u00a0<a href=\"https:\/\/ec.europa.eu\/programmes\/erasmus-plus\/node_en\" target=\"_blank\" rel=\"noreferrer noopener\"><strong><em>Erasmus+ <\/em><\/strong><\/a><em>,<\/em> <a href=\"https:\/\/ec.europa.eu\/programmes\/erasmus-plus\/node_en\" target=\"_blank\" rel=\"noreferrer noopener\">Erasmus+<\/a>, Klju\u010dni ukrep 2: Strate\u0161ka partnerstva za izobra\u017eevanje odraslih.<\/p>\n\n\n\n<p class=\"tekst-justified\" style=\"font-style:normal;font-weight:400\">Ta pobuda ni le osamljen projekt, temve\u010d nadaljevanje prej\u0161njih prizadevanj partnerjev, kot so &#8220;Open Your Eyes&#8221;, &#8220;DIGIBLEND&#8221; in &#8220;ESSENTIAL&#8221;, ki so se osredoto\u010dali na pove\u010danje digitalne in informacijske pismenosti. S tem sodelovalnim in inovativnim pristopom naj bi projekt <strong>NEED <\/strong>pomembno vplival na boj proti la\u017enim informacijam ter spodbujal bolj informirano in anga\u017eirano dru\u017ebo.<\/p>\n\n\n\n<figure class=\"wp-block-image aligncenter size-full is-resized wp-duotone-unset-1\"><img loading=\"lazy\" decoding=\"async\" width=\"318\" height=\"234\" src=\"https:\/\/newsliteracy.info\/resources\/wp-content\/uploads\/2024\/04\/Logo-Need-monohromatski-v2.png\" alt=\"\" class=\"wp-image-666\" style=\"width:220px;height:auto\" srcset=\"https:\/\/newsliteracy.info\/resources\/wp-content\/uploads\/2024\/04\/Logo-Need-monohromatski-v2.png 318w, https:\/\/newsliteracy.info\/resources\/wp-content\/uploads\/2024\/04\/Logo-Need-monohromatski-v2-300x221.png 300w\" sizes=\"auto, (max-width: 318px) 100vw, 318px\" \/><\/figure>\n<\/div>\n<\/div>\n\n\n\n<p><\/p>\n\n\n\n<p><\/p>\n","protected":false},"excerpt":{"rendered":"<p>Cilj projekta Na krovu novi\u010darske pismenosti; News Literacy on Board (NEED) je izbolj\u0161anje ve\u0161\u010din branja (z inovativnim pristopom, predvsem u\u010denje na podlagi iger), ki so potrebne za presojo zanesljivosti in verodostojnosti novic\/informacij, ter krepitev posameznikov z ve\u0161\u010dinami, ki jih potrebujejo, da postanejo vklju\u010deni in informirani udele\u017eenci v vsakodnevnem \u017eivljenju kot dr\u017eavljani. U\u010denje z igrami je [&hellip;]<\/p>\n","protected":false},"author":1,"featured_media":0,"parent":0,"menu_order":0,"comment_status":"closed","ping_status":"closed","template":"","meta":{"footnotes":""},"categories":[7],"tags":[],"class_list":["post-907","page","type-page","status-publish","hentry","category-slovenian"],"_links":{"self":[{"href":"https:\/\/newsliteracy.info\/resources\/wp-json\/wp\/v2\/pages\/907","targetHints":{"allow":["GET"]}}],"collection":[{"href":"https:\/\/newsliteracy.info\/resources\/wp-json\/wp\/v2\/pages"}],"about":[{"href":"https:\/\/newsliteracy.info\/resources\/wp-json\/wp\/v2\/types\/page"}],"author":[{"embeddable":true,"href":"https:\/\/newsliteracy.info\/resources\/wp-json\/wp\/v2\/users\/1"}],"replies":[{"embeddable":true,"href":"https:\/\/newsliteracy.info\/resources\/wp-json\/wp\/v2\/comments?post=907"}],"version-history":[{"count":2,"href":"https:\/\/newsliteracy.info\/resources\/wp-json\/wp\/v2\/pages\/907\/revisions"}],"predecessor-version":[{"id":985,"href":"https:\/\/newsliteracy.info\/resources\/wp-json\/wp\/v2\/pages\/907\/revisions\/985"}],"wp:attachment":[{"href":"https:\/\/newsliteracy.info\/resources\/wp-json\/wp\/v2\/media?parent=907"}],"wp:term":[{"taxonomy":"category","embeddable":true,"href":"https:\/\/newsliteracy.info\/resources\/wp-json\/wp\/v2\/categories?post=907"},{"taxonomy":"post_tag","embeddable":true,"href":"https:\/\/newsliteracy.info\/resources\/wp-json\/wp\/v2\/tags?post=907"}],"curies":[{"name":"wp","href":"https:\/\/api.w.org\/{rel}","templated":true}]}}